{"id":7067,"date":"2020-08-24T14:12:39","date_gmt":"2020-08-24T12:12:39","guid":{"rendered":"https:\/\/www.fintosch.com\/?page_id=7067"},"modified":"2025-08-21T09:26:40","modified_gmt":"2025-08-21T07:26:40","slug":"admission-nursery-school-2-2","status":"publish","type":"page","link":"https:\/\/www.fintosch.com\/en\/admission-nursery-school-2-2\/","title":{"rendered":"Admissions Nursery School"},"content":{"rendered":"<p>[vc_section full_width=&#8221;stretch_row&#8221; el_class=&#8221;ztl-background-one&#8221; css=&#8221;.vc_custom_1495052965708{margin-top: -50px !important;}&#8221;][\/vc_section][vc_row][vc_column][vc_empty_space height=&#8221;60px&#8221;][\/vc_column][\/vc_row][vc_row 0=&#8221;&#8221;][vc_column 0=&#8221;&#8221;][vc_empty_space height=&#8221;40px&#8221;]<h2 style=\"color:;\" class=\" ztl-accent-font ztl-center ztl-font-normal\">Start now and plan a visit.<\/h2><p style=\"color:;\" class=\" ztl-main-font ztl-center ztl-font-normal\">Just fill in the form and we will contact you.<\/p><p style=\"color:;\" class=\" ztl-main-font ztl-center ztl-font-bold\">This is a non-binding registration!<\/p><div class=\"ztl-divider  center primary \">\n                <span style=\"border-color:; \" class=\"circle\">\n                    <span style=\"background-color:; \"><\/span>\n                    <span style=\"background-color:; \"><\/span>\n                <\/span>\n            <\/div>[vc_empty_space height=&#8221;60px&#8221;][\/vc_column][\/vc_row][vc_row][vc_column width=&#8221;1\/2&#8243;][vc_column_text]<\/p>\n<div id=\"miniextensions-iframe-embed-gDO01fBU1qnRaNkHnHKo\"><\/div>\n<p><script src=\"https:\/\/api.miniextensions.com\/v1\/iframe-embed\/gDO01fBU1qnRaNkHnHKo.js?absoluteShareUrl=https%3A%2F%2Fapp.miniextensions.com%2Fform%2FgDO01fBU1qnRaNkHnHKo\"><\/script>[\/vc_column_text][vc_empty_space][\/vc_column][vc_column width=&#8221;1\/2&#8243;][vc_single_image image=&#8221;6085&#8243; img_size=&#8221;300&#215;300&#8243; alignment=&#8221;center&#8221; el_class=&#8221;profile&#8221;][vc_column_text]<\/p>\n<p style=\"text-align: center;\">Feel free to contact us.<\/p>\n<p style=\"text-align: center;\">Nataliya Tamelis<br \/>\nPhone: +49 (0) 69 770769-11<br \/>\n<a href=\"mailto:info@fintosch.com\">admissions@fintosch.com<\/a><\/p>\n<p>[\/vc_column_text][vc_column_text]<strong>Visiting Fintosch possible at:<\/strong><\/p>\n<p>Schumannstra\u00dfe 4-6:<br \/>\nWednesday and Thursday from 09:00 to 11:00 a.m.<\/p>\n<p>Gr\u00e4fstra\u00dfe 47 \u2013 51:<br \/>\nMonday from 09:00 to 11:00 a.m.<\/p>\n<p>[\/vc_column_text]<h3 style=\"color:;\" class=\"ztl-mobile-center ztl-accent-font ztl-left ztl-font-normal\">HELPFUL INFORMATION<\/h3><h4 style=\"color:;line-height:1.3;\" class=\"ztl-mobile-center ztl-main-font ztl-left ztl-font-light\">We are happy to assist you.<\/h4>[vc_empty_space height=&#8221;20px&#8221;][vc_tta_accordion style=&#8221;outline&#8221; shape=&#8221;square&#8221; active_section=&#8221;1&#8243; no_fill=&#8221;true&#8221; el_class=&#8221;ztl-accordion&#8221;][vc_tta_section title=&#8221;Entry date&#8221; tab_id=&#8221;1530465427644-17f485bc-1e9e&#8221;][vc_column_text]In principle, entry is possible at any time depending on availability. You can tell us your personal desired date. Please fill in our non-binding registration. We will contact you afterwards.[\/vc_column_text][\/vc_tta_section][vc_tta_section title=&#8221;All day care from 07:30 a.m. to 7:00 p.m. &#8221; tab_id=&#8221;1492877084322-31fcbd2b-0af2&#8243;][vc_column_text]We offer flexible hours of care. Our FINTOSCH facilities are open from 7.30 a.m. to 7:00 p.m. In addition, we only have a few closing days a year.[\/vc_column_text][\/vc_tta_section][vc_tta_section title=&#8221;Childcare options&#8221; tab_id=&#8221;1492714211238-7eac1c8e-cb54&#8243;][vc_column_text]Creche\/Toddler: 5 days week, 2\u00a0 or 3 days per week is also possible<\/p>\n<p>Kindergarten: 5 days week for Kindergarten children[\/vc_column_text][\/vc_tta_section][vc_tta_section title=&#8221;Day-care times&#8221; tab_id=&#8221;1529660414635-399f2905-15b0&#8243;][vc_column_text]Part time: 07:30 a.m. to 3:00 p.m.<\/p>\n<p>Fulltime: 07:30 a.m. to 5:00 p.m. (or until 6:00 p.m. or 7:00 p.m. possible)[\/vc_column_text][\/vc_tta_section][vc_tta_section title=&#8221;Higher staff-child ratio and group structure&#8221; tab_id=&#8221;1530713118138-6d1e92fd-196d&#8221;][vc_column_text]In all groups, we offer a higher staff-child ratio than in public nursery schools.<\/p>\n<ul>\n<li>The Baby groups have a capacity for 10 children, 3 months through 3 years of age<\/li>\n<li>The Toddler groups have a capacity for 15 children, 2 years through 4 years of age<\/li>\n<li>The Kindergarten groups have a capacity for 25 children, 3 years through 6 years of age<\/li>\n<\/ul>\n<p>[\/vc_column_text][\/vc_tta_section][vc_tta_section title=&#8221;Prices&#8221; tab_id=&#8221;1492700177446-c886c798-16f9&#8243;][vc_column_text]Our prices for children <a href=\"https:\/\/www.fintosch.com\/en\/primary-school\/prices-nursery-school-children-younger-than-one-year\/\">younger than one year<\/a>, and <a href=\"https:\/\/www.fintosch.com\/en\/primary-school\/prices-nursery-school-children-older-than-one-year\/\">older than one year<\/a>.[\/vc_column_text][\/vc_tta_section][vc_tta_section title=&#8221;Claiming childcare costs as special expenses&#8221; tab_id=&#8221;1530801833505-bc7a2774-8889&#8243;][vc_column_text]<\/p>\n<p style=\"background: white; margin: 24.0pt 0cm 12.0pt 0cm;\"><span style=\"font-family: 'Segoe UI',sans-serif; color: #666666;\">Claim up to 4,000 euros! <a href=\"https:\/\/www.fintosch.com\/en\/childcare-costs-as-special-expenses\/\" target=\"_blank\" rel=\"noopener\">Reed more&#8230;<\/a><\/span><\/p>\n<p>[\/vc_column_text][\/vc_tta_section][vc_tta_section title=&#8221;Live Kid&#8221; tab_id=&#8221;1598271446097-548e0b25-8162&#8243;][vc_column_text]We use the LiveKid app for the administration of our day care centers and the daily communication with parents.[\/vc_column_text][\/vc_tta_section][\/vc_tta_accordion][\/vc_column][\/vc_row][vc_row full_width=&#8221;stretch_row&#8221; css=&#8221;.vc_custom_1523422340901{background-color: #2a3072 !important;}&#8221;][vc_column css=&#8221;.vc_custom_1497086511902{margin-top: 0px !important;margin-right: 0px !important;margin-bottom: 0px !important;margin-left: 0px !important;padding-top: 0px !important;padding-bottom: 0px !important;}&#8221;]<div class=\"ztl-announcement  \">\n            <div class=\"row table-row\">\n                <div class=\"ztl-col col-lg-9 col-md-9 col-sm-9 col-xs-12 \">\n                    <div class=\"ztl-flex ztl-mobile-container\">\n                        <div class=\"ztl-icon left\" style=\"background-color:#ffffff\">\n                            <span class=\"flaticon-paper-plane\" style=\"color:#ec671c\"><\/span>\n                        <\/div>\n                        <div class=\"content\" style=\"color:#ffffff\">\n                            <div class=\"line-1\">\n                                <h3>Questions?<\/h3>\n                            <\/div>\n                            <div class=\"line-2\">\n                             We&#039;re here to support you.\n                            <\/div>\n                        <\/div>\n                    <\/div>\n                <\/div>\n                <div class=\"ztl-action ztl-col col-lg-3 col-md-3 col-sm-3 col-xs-12 \">\n                    <div class=\"ztl-button-two\"><a href=\"http:\/\/www.fintosch.com\/kontakt\/\" target=\"_self\">Contact us<\/a><\/div>\n                <\/div>\n            <\/div>\n\t<\/div>[\/vc_column][\/vc_row][vc_row 0=&#8221;&#8221;][vc_column 0=&#8221;&#8221;][vc_empty_space height=&#8221;60px&#8221;]<h2 style=\"color:;\" class=\" ztl-accent-font ztl-center ztl-font-normal\">Admission Nursery School<\/h2><p style=\"color:;\" class=\" ztl-main-font ztl-center ztl-font-normal\">In a few easy steps<\/p><div class=\"ztl-divider  center primary \">\n                <span style=\"border-color:; \" class=\"circle\">\n                    <span style=\"background-color:; \"><\/span>\n                    <span style=\"background-color:; \"><\/span>\n                <\/span>\n            <\/div>[vc_empty_space height=&#8221;60px&#8221;][\/vc_column][\/vc_row][vc_row 0=&#8221;&#8221;][vc_column 0=&#8221;&#8221;]<div class=\"ztl-steps-carousel \">\n                <div class=\"owl-steps-list\" id=\"steps_69dbeacf614a6\">\n                   <div class=\"item-step\"> <div class=\"number-step\" style=\"background-color:#6cc3c6; color:#ffffff\">1<\/div><h3 class=\"title\"> Application <\/h3><div class=\"desc\">We review your application.<\/div> <\/div><div class=\"item-step\"> <div class=\"number-step\" style=\"background-color:#6cc3c6; color:#ffffff\">2<\/div><h3 class=\"title\"> First contact <\/h3><div class=\"desc\">In a personal conversation we discuss all relevant matters so that we understand all your personal needs.<\/div> <\/div><div class=\"item-step\"> <div class=\"number-step\" style=\"background-color:#6cc3c6; color:#ffffff\">3<\/div><h3 class=\"title\"> Consultation <\/h3><div class=\"desc\">We get to know each other better and tailor the education of your child to its individual needs.<\/div> <\/div><div class=\"item-step\"> <div class=\"number-step\" style=\"background-color:#6cc3c6; color:#ffffff\">4<\/div><h3 class=\"title\"> Admission <\/h3><div class=\"desc\">You will receive our confirmation and your child will be a member of the Fintosch family.<\/div> <\/div>\n                <\/div>\n            <\/div>\n        <script type=\"text\/javascript\">\n        (function($) { \"use strict\";\n\n\n         var steps_no = 0;\n         var steps_id = \"steps_69dbeacf614a6\";\n         var loop_items = \"1\";\n         var navigation_items = \"1\";\n         var autoplay_items = \"\";\n         var autoplay_items_timeout = \"0\";\n         var breakpoints;\n\n\n          \/\/call\n          $(document).ready(function(){\n            \/\/ determine steps no\n            steps_no = $(\"#\" + steps_id +\" .item-step\").length;\n            \/\/ set responsive behavior\n\n            switch(steps_no){\n                case 3:\n                    breakpoints = { 0:{ items:1 }, 480:{ items:2 }, 768:{ items:3 } };\n                    break;\n                case 2:\n                    breakpoints = { 0:{ items:1 }, 480:{ items:2 } };\n                    break;\n                case 1:\n                    breakpoints = { 0:{ items:1 } };\n                    break;\n\n                default:\n                    breakpoints = { 0:{ items:1 }, 480:{ items:2 }, 768:{ items:3 }, 1000:{ items:4 } }\n             }\n\n\n\n            $(\"#\" + steps_id).owlCarousel({\n                loop:loop_items,\n                nav:navigation_items,\n                autoplay:autoplay_items,\n                autoplayTimeout:autoplay_items_timeout,\n                responsive:breakpoints\n            });\n          });\n\n        })(jQuery);\n        <\/script>\n  [vc_empty_space][\/vc_column][\/vc_row]<\/p>\n","protected":false},"excerpt":{"rendered":"<p>[vc_section full_width=&#8221;stretch_row&#8221; el_class=&#8221;ztl-background-one&#8221; css=&#8221;.vc_custom_1495052965708{margin-top: -50px !important;}&#8221;][\/vc_section][vc_row][vc_column][vc_empty_space height=&#8221;60px&#8221;][\/vc_column][\/vc_row][vc_row 0=&#8221;&#8221;][vc_column 0=&#8221;&#8221;][vc_empty_space height=&#8221;40px&#8221;][vc_empty_space height=&#8221;60px&#8221;][\/vc_column][\/vc_row][vc_row][vc_column width=&#8221;1\/2&#8243;][vc_column_text] [\/vc_column_text][vc_empty_space][\/vc_column][vc_column width=&#8221;1\/2&#8243;][vc_single_image image=&#8221;6085&#8243; img_size=&#8221;300&#215;300&#8243; alignment=&#8221;center&#8221; el_class=&#8221;profile&#8221;][vc_column_text] Feel free to contact us. Nataliya Tamelis Phone: +49 (0) 69 770769-11 admissions@fintosch.com [\/vc_column_text][vc_column_text]Visiting Fintosch possible at: Schumannstra\u00dfe 4-6: Wednesday and Thursday from 09:00 to 11:00 a.m. Gr\u00e4fstra\u00dfe 47 \u2013 51: Monday from 09:00 to 11:00 a.m. [&hellip;]<\/p>\n","protected":false},"author":1,"featured_media":0,"parent":0,"menu_order":0,"comment_status":"closed","ping_status":"closed","template":"","meta":{"footnotes":""},"class_list":["post-7067","page","type-page","status-publish","hentry"],"_links":{"self":[{"href":"https:\/\/www.fintosch.com\/en\/wp-json\/wp\/v2\/pages\/7067","targetHints":{"allow":["GET"]}}],"collection":[{"href":"https:\/\/www.fintosch.com\/en\/wp-json\/wp\/v2\/pages"}],"about":[{"href":"https:\/\/www.fintosch.com\/en\/wp-json\/wp\/v2\/types\/page"}],"author":[{"embeddable":true,"href":"https:\/\/www.fintosch.com\/en\/wp-json\/wp\/v2\/users\/1"}],"replies":[{"embeddable":true,"href":"https:\/\/www.fintosch.com\/en\/wp-json\/wp\/v2\/comments?post=7067"}],"version-history":[{"count":7,"href":"https:\/\/www.fintosch.com\/en\/wp-json\/wp\/v2\/pages\/7067\/revisions"}],"predecessor-version":[{"id":8101,"href":"https:\/\/www.fintosch.com\/en\/wp-json\/wp\/v2\/pages\/7067\/revisions\/8101"}],"wp:attachment":[{"href":"https:\/\/www.fintosch.com\/en\/wp-json\/wp\/v2\/media?parent=7067"}],"curies":[{"name":"wp","href":"https:\/\/api.w.org\/{rel}","templated":true}]}}