{"id":6067,"date":"2018-06-25T12:33:39","date_gmt":"2018-06-25T10:33:39","guid":{"rendered":"http:\/\/www.fintosch.com\/?page_id=6067"},"modified":"2018-06-25T12:33:39","modified_gmt":"2018-06-25T10:33:39","slug":"enrollment-2","status":"publish","type":"page","link":"https:\/\/www.fintosch.com\/en\/enrollment-2\/","title":{"rendered":"Admissions"},"content":{"rendered":"<p>[vc_section full_width=&#8221;stretch_row&#8221; el_class=&#8221;ztl-background-one&#8221; css=&#8221;.vc_custom_1495052965708{margin-top: -50px !important;}&#8221;][vc_row][vc_column][vc_empty_space height=&#8221;60px&#8221;]<h2 style=\"color:;\" class=\" ztl-accent-font ztl-center ztl-font-normal\">Admissions<\/h2><p style=\"color:;\" class=\" ztl-main-font ztl-center ztl-font-normal\">In a few easy steps<\/p><div class=\"ztl-divider  center primary \">\n                <span style=\"border-color:; \" class=\"circle\">\n                    <span style=\"background-color:; \"><\/span>\n                    <span style=\"background-color:; \"><\/span>\n                <\/span>\n            <\/div>[vc_empty_space height=&#8221;60px&#8221;][\/vc_column][\/vc_row][vc_row][vc_column]<div class=\"ztl-steps-carousel \">\n                <div class=\"owl-steps-list\" id=\"steps_69f5e4a065db9\">\n                   <div class=\"item-step\"> <div class=\"number-step\" style=\"background-color:#6cc3c6; color:#ffffff\">1<\/div><h3 class=\"title\"> Application <\/h3><div class=\"desc\">We review your application.<\/div> <\/div><div class=\"item-step\"> <div class=\"number-step\" style=\"background-color:#6cc3c6; color:#ffffff\">2<\/div><h3 class=\"title\"> First contact <\/h3><div class=\"desc\">In a personal conversation we discuss all relevant matters so that we understand all your personal needs.<\/div> <\/div><div class=\"item-step\"> <div class=\"number-step\" style=\"background-color:#6cc3c6; color:#ffffff\">3<\/div><h3 class=\"title\"> Consultation <\/h3><div class=\"desc\">We get to know each other better and tailor the education of your child to its individual needs.<\/div> <\/div><div class=\"item-step\"> <div class=\"number-step\" style=\"background-color:#6cc3c6; color:#ffffff\">4<\/div><h3 class=\"title\"> Admission <\/h3><div class=\"desc\">You will receive our confirmation and your child will be admitted.<\/div> <\/div>\n                <\/div>\n            <\/div>\n        <script type=\"text\/javascript\">\n        (function($) { \"use strict\";\n\n\n         var steps_no = 0;\n         var steps_id = \"steps_69f5e4a065db9\";\n         var loop_items = \"1\";\n         var navigation_items = \"1\";\n         var autoplay_items = \"\";\n         var autoplay_items_timeout = \"0\";\n         var breakpoints;\n\n\n          \/\/call\n          $(document).ready(function(){\n            \/\/ determine steps no\n            steps_no = $(\"#\" + steps_id +\" .item-step\").length;\n            \/\/ set responsive behavior\n\n            switch(steps_no){\n                case 3:\n                    breakpoints = { 0:{ items:1 }, 480:{ items:2 }, 768:{ items:3 } };\n                    break;\n                case 2:\n                    breakpoints = { 0:{ items:1 }, 480:{ items:2 } };\n                    break;\n                case 1:\n                    breakpoints = { 0:{ items:1 } };\n                    break;\n\n                default:\n                    breakpoints = { 0:{ items:1 }, 480:{ items:2 }, 768:{ items:3 }, 1000:{ items:4 } }\n             }\n\n\n\n            $(\"#\" + steps_id).owlCarousel({\n                loop:loop_items,\n                nav:navigation_items,\n                autoplay:autoplay_items,\n                autoplayTimeout:autoplay_items_timeout,\n                responsive:breakpoints\n            });\n          });\n\n        })(jQuery);\n        <\/script>\n  [\/vc_column][\/vc_row][vc_row][vc_column][vc_empty_space height=&#8221;60px&#8221;][\/vc_column][\/vc_row][\/vc_section][vc_row full_width=&#8221;stretch_row&#8221; css=&#8221;.vc_custom_1523422340901{background-color: #2a3072 !important;}&#8221;][vc_column css=&#8221;.vc_custom_1497086511902{margin-top: 0px !important;margin-right: 0px !important;margin-bottom: 0px !important;margin-left: 0px !important;padding-top: 0px !important;padding-bottom: 0px !important;}&#8221;]<div class=\"ztl-announcement  \">\n            <div class=\"row table-row\">\n                <div class=\"ztl-col col-lg-9 col-md-9 col-sm-9 col-xs-12 \">\n                    <div class=\"ztl-flex ztl-mobile-container\">\n                        <div class=\"ztl-icon left\" style=\"background-color:#ffffff\">\n                            <span class=\"flaticon-paper-plane\" style=\"color:#ec671c\"><\/span>\n                        <\/div>\n                        <div class=\"content\" style=\"color:#ffffff\">\n                            <div class=\"line-1\">\n                                <h3>Questions?<\/h3>\n                            <\/div>\n                            <div class=\"line-2\">\n                             We&#039;re here to support you.\n                            <\/div>\n                        <\/div>\n                    <\/div>\n                <\/div>\n                <div class=\"ztl-action ztl-col col-lg-3 col-md-3 col-sm-3 col-xs-12 \">\n                    <div class=\"ztl-button-two\"><a href=\"http:\/\/www.fintosch.com\/en\/contact\/\" target=\"_self\">Contact us<\/a><\/div>\n                <\/div>\n            <\/div>\n\t<\/div>[\/vc_column][\/vc_row][vc_row][vc_column][vc_empty_space height=&#8221;40px&#8221;]<h2 style=\"color:;\" class=\" ztl-accent-font ztl-center ztl-font-normal\">Start now<\/h2><p style=\"color:;\" class=\" ztl-main-font ztl-center ztl-font-normal\">Just fill in the form and we will contact you<\/p><div class=\"ztl-divider  center primary \">\n                <span style=\"border-color:; \" class=\"circle\">\n                    <span style=\"background-color:; \"><\/span>\n                    <span style=\"background-color:; \"><\/span>\n                <\/span>\n            <\/div>[vc_empty_space height=&#8221;60px&#8221;][\/vc_column][\/vc_row][vc_row gap=&#8221;30&#8243;][vc_column width=&#8221;1\/2&#8243; el_class=&#8221;ztl-contact-form&#8221;]<p class=\"wpcf7-contact-form-not-found\"><strong>Error:<\/strong> Contact form not found.<\/p>[vc_empty_space height=&#8221;40px&#8221;][\/vc_column][vc_column width=&#8221;1\/2&#8243;][vc_column_text]Visiting Fintosch:\u00a0<strong>Advance reservation required<\/strong><\/p>\n<p><strong>Nursery School<\/strong><\/p>\n<p>Schumannstra\u00dfe 4-6:<br \/>\nWednesday and Thursday from 09:00 to 11:00 a.m.<\/p>\n<p>Gr\u00e4fstra\u00dfe 47 \u2013 51:<br \/>\nTuesday from 09:00 to 11:00 a.m.<\/p>\n<p><strong>Primary School<\/strong><\/p>\n<p>From 10:00 a.m. to 5:00 p.m.<\/p>\n<p><strong>.<\/strong>[\/vc_column_text]<h3 style=\"color:;\" class=\"ztl-mobile-center ztl-accent-font ztl-left ztl-font-normal\">HELPFUL INFORMATION<\/h3><h4 style=\"color:;line-height:1.3;\" class=\"ztl-mobile-center ztl-main-font ztl-left ztl-font-light\">We will happy to assist you<\/h4>[vc_empty_space height=&#8221;20px&#8221;][vc_tta_accordion style=&#8221;outline&#8221; shape=&#8221;square&#8221; active_section=&#8221;1&#8243; no_fill=&#8221;true&#8221; el_class=&#8221;ztl-accordion&#8221;][vc_tta_section title=&#8221;All day care from 07:45 a.m. to 7:00 p.m. &#8221; tab_id=&#8221;1492877084322-31fcbd2b-0af2&#8243;][vc_column_text]We offer flexible hours of care. Our FINTOSCH facilities are open from 7.45 a.m. to 7:00 p.m. In addition, we only have a total of six closing days a year.[\/vc_column_text][\/vc_tta_section][vc_tta_section title=&#8221;Entry Date&#8221; tab_id=&#8221;1492700177446-c886c798-16f9&#8243;][vc_column_text]Basically, an entry is possible at any time, you can tell us your personal desired date.[\/vc_column_text][\/vc_tta_section][vc_tta_section title=&#8221;Childcare Options Nursery School&#8221; tab_id=&#8221;1492714211238-7eac1c8e-cb54&#8243;][vc_column_text]2 \/3 and 5 days week, 5 days week for Kindergarten children<\/p>\n<p>Part time: 07:45 a.m. to 3:00 p.m.<\/p>\n<p>Full time: 07:45 a.m. to 3:00 p.m. (6:00 \/ 7:00 p.m.)[\/vc_column_text][\/vc_tta_section][vc_tta_section title=&#8221;After the fourth grade you have the choice&#8221; tab_id=&#8221;1529065077032-20b1e4cb-d446&#8243;][vc_column_text]An important feature of the FINTOSCH Multilingual Primary School is that the school starts with an entrance level for children from the age of five. This gives children a year more time to get used to the learning environment in a playful way &#8211; and to learn both languages, English and German. After the fourth grade, parents and children can freely choose whether they want to switch to the German or international school system.[\/vc_column_text][\/vc_tta_section][vc_tta_section title=&#8221;Language of Instruction &amp; Curriculum Primary School&#8221; tab_id=&#8221;1529065117374-a37d4989-d64f&#8221;][vc_column_text]English <strong>AND<\/strong> German are our languages of instruction at Fintosch Multilingual Primary School in relation 50% &#8211; 50%.<\/p>\n<p>The school in general, and the German and Math Department in particular follow the Hessian curriculum. For the primary school, they fit well with the I<em>nternational Primary Curriculum <\/em>(IPC). The IPC is one of the fastest growing curriculums in the world with 1800 schools across 90 countries following it. Its comprehensive, thematic and creative approach combined with its focus on knowledge, skills and understanding complement the IPC well with the skills-oriented Hessian curriculum.[\/vc_column_text][\/vc_tta_section][vc_tta_section title=&#8221;Sports and healthy nutrition&#8221; tab_id=&#8221;1529065127814-f52f51da-ed67&#8243;][vc_column_text]Sports and healtyh nutrition is important at the Nursery School and will be continued at the FINTOSCH International Primary School. Classes start with 90 minutes of sports three times a week. Agility and coordination, but also sense of rhythm, imagination and own expression are promoted here. Movement is very important to us. We also integrate movement sequences into the normal classroom.[\/vc_column_text][\/vc_tta_section][vc_tta_section title=&#8221;Family closeness, solid structures, school of the future&#8221; tab_id=&#8221;1529065153678-168692cc-a0cf&#8221;][vc_column_text]Our children are the world citizens of tomorrow. Creative ideas are in demand. We show them the tools with which they can develop and practice many skills independently. We rely on family closeness, see ourselves as partners in the education of children. In doing so, we combine a child-friendly and lovingly designed environment with solid structures in a multicultural relationship.<\/p>\n<p>[\/vc_column_text][\/vc_tta_section][\/vc_tta_accordion][vc_empty_space height=&#8221;40px&#8221;][\/vc_column][\/vc_row][vc_row full_width=&#8221;stretch_row&#8221; css=&#8221;.vc_custom_1495055314549{margin-bottom: -50px !important;background-color: #f2f2f2 !important;}&#8221;][vc_column css=&#8221;.vc_custom_1497086523325{margin-top: 0px !important;padding-top: 0px !important;}&#8221;]<div class=\"ztl-announcement  \">\n            <div class=\"row table-row\">\n                <div class=\"ztl-col col-lg-9 col-md-9 col-sm-9 col-xs-12 \">\n                    <div class=\"ztl-flex ztl-mobile-container\">\n                        <div class=\"ztl-icon left\" style=\"background-color:#ffffff\">\n                            <span class=\"flaticon-mountain\" style=\"color:#ec671c\"><\/span>\n                        <\/div>\n                        <div class=\"content\" style=\"color:#002749\">\n                            <div class=\"line-1\">\n                                <h3>The first school day<\/h3>\n                            <\/div>\n                            <div class=\"line-2\">\n                             All you need to know\n                            <\/div>\n                        <\/div>\n                    <\/div>\n                <\/div>\n                <div class=\"ztl-action ztl-col col-lg-3 col-md-3 col-sm-3 col-xs-12 \">\n                    <div class=\"ztl-button-one\"><a href=\"http:\/\/www.fintosch.com\/en\/primary-school\/the-first-day-of-school\/\" target=\"_self\">More information<\/a><\/div>\n                <\/div>\n            <\/div>\n\t<\/div>[\/vc_column][\/vc_row]<\/p>\n","protected":false},"excerpt":{"rendered":"<p>[vc_section full_width=&#8221;stretch_row&#8221; el_class=&#8221;ztl-background-one&#8221; css=&#8221;.vc_custom_1495052965708{margin-top: -50px !important;}&#8221;][vc_row][vc_column][vc_empty_space height=&#8221;60px&#8221;][vc_empty_space height=&#8221;60px&#8221;][\/vc_column][\/vc_row][vc_row][vc_column][\/vc_column][\/vc_row][vc_row][vc_column][vc_empty_space height=&#8221;60px&#8221;][\/vc_column][\/vc_row][\/vc_section][vc_row full_width=&#8221;stretch_row&#8221; css=&#8221;.vc_custom_1523422340901{background-color: #2a3072 !important;}&#8221;][vc_column css=&#8221;.vc_custom_1497086511902{margin-top: 0px !important;margin-right: 0px !important;margin-bottom: 0px !important;margin-left: 0px !important;padding-top: 0px !important;padding-bottom: 0px !important;}&#8221;][\/vc_column][\/vc_row][vc_row][vc_column][vc_empty_space height=&#8221;40px&#8221;][vc_empty_space height=&#8221;60px&#8221;][\/vc_column][\/vc_row][vc_row gap=&#8221;30&#8243;][vc_column width=&#8221;1\/2&#8243; el_class=&#8221;ztl-contact-form&#8221;][vc_empty_space height=&#8221;40px&#8221;][\/vc_column][vc_column width=&#8221;1\/2&#8243;][vc_column_text]Visiting Fintosch:\u00a0Advance reservation required Nursery School Schumannstra\u00dfe 4-6: Wednesday and Thursday from 09:00 to 11:00 a.m. Gr\u00e4fstra\u00dfe 47 \u2013 51: Tuesday from 09:00 [&hellip;]<\/p>\n","protected":false},"author":1,"featured_media":0,"parent":0,"menu_order":0,"comment_status":"closed","ping_status":"closed","template":"","meta":{"footnotes":""},"class_list":["post-6067","page","type-page","status-publish","hentry"],"_links":{"self":[{"href":"https:\/\/www.fintosch.com\/en\/wp-json\/wp\/v2\/pages\/6067","targetHints":{"allow":["GET"]}}],"collection":[{"href":"https:\/\/www.fintosch.com\/en\/wp-json\/wp\/v2\/pages"}],"about":[{"href":"https:\/\/www.fintosch.com\/en\/wp-json\/wp\/v2\/types\/page"}],"author":[{"embeddable":true,"href":"https:\/\/www.fintosch.com\/en\/wp-json\/wp\/v2\/users\/1"}],"replies":[{"embeddable":true,"href":"https:\/\/www.fintosch.com\/en\/wp-json\/wp\/v2\/comments?post=6067"}],"version-history":[{"count":1,"href":"https:\/\/www.fintosch.com\/en\/wp-json\/wp\/v2\/pages\/6067\/revisions"}],"predecessor-version":[{"id":6074,"href":"https:\/\/www.fintosch.com\/en\/wp-json\/wp\/v2\/pages\/6067\/revisions\/6074"}],"wp:attachment":[{"href":"https:\/\/www.fintosch.com\/en\/wp-json\/wp\/v2\/media?parent=6067"}],"curies":[{"name":"wp","href":"https:\/\/api.w.org\/{rel}","templated":true}]}}