{"id":5519,"date":"2018-05-27T17:05:52","date_gmt":"2018-05-27T15:05:52","guid":{"rendered":"www.fintosch.com?page_id=5519"},"modified":"2018-05-27T17:05:52","modified_gmt":"2018-05-27T15:05:52","slug":"parental-guidebook","status":"publish","type":"page","link":"https:\/\/www.fintosch.com\/en\/international-toddler-school-kindergarten\/parental-guidebook\/","title":{"rendered":"Parental Guidebook"},"content":{"rendered":"<p>[vc_section 0=&#8221;&#8221;][vc_row 0=&#8221;&#8221;][vc_column 0=&#8221;&#8221;][vc_empty_space height=&#8221;50px&#8221;]<h2 style=\"color:;\" class=\" ztl-accent-font ztl-center ztl-font-normal\">Eltern\u2010Ratgeber<\/h2><p style=\"color:;\" class=\" ztl-main-font ztl-center ztl-font-normal\">Konzept<\/p><div class=\"ztl-divider  center primary \">\n                <span style=\"border-color:; \" class=\"circle\">\n                    <span style=\"background-color:; \"><\/span>\n                    <span style=\"background-color:; \"><\/span>\n                <\/span>\n            <\/div>[vc_column_text]<strong>Erziehung von Kindern ist immer ein gro\u00dfes und wichtiges Thema!<\/strong><\/p>\n<p>Es gibt unheimlich viele B\u00fccher, Magazine, Zeitungsartikel usw. bei denen die Erziehung von Kindern im Mittelpunkt steht.<\/p>\n<p>Aber damit h\u00f6rt es nicht auf: jeder will heutzutage einen Beitrag liefern und so wird der Markt auch noch \u00fcberstr\u00f6mt mit Informationsabenden, Fernsehsendungen, Diskussionen, Dokumentationen, Erziehungs-<span class=\"caps\">DVD<\/span>s, usw.<\/p>\n<p>Das ist manchmal so viel an Information, dass wir dadurch den \u00dcberblick verlieren k\u00f6nnen und nicht mehr richtig wissen was nun eigentlich recht ist.<\/p>\n<p>Das Fintosch Team kann Ihnen deswegen gerne die Website<br \/>\n\u201eErziehung: Kindergarten\u201c der S\u00fcddeutsche Zeitung empfehlen:<\/p>\n<p><a class=\"link-extern\" href=\"http:\/\/www.sueddeutsche.de\/thema\/Erziehung%3A_Kindergarten\">Link<\/a><\/p>\n<p>Es ist eine gut gestaltete Website, auf der die Erziehung von Kindern sehr professionell und verst\u00e4ndlich beschrieben wird.<br \/>\nMan kann sich schnell einen ersten Eindruck verschaffen und wer mehr wissen will, kann das n\u00e4chste Unterthema einfach anklicken und sich weiter informieren.[\/vc_column_text][vc_single_image image=&#8221;5516&#8243; img_size=&#8221;full&#8221; alignment=&#8221;center&#8221;][vc_empty_space height=&#8221;60px&#8221;][\/vc_column][\/vc_row][\/vc_section][vc_row full_width=&#8221;stretch_row&#8221; css=&#8221;.vc_custom_1489317833164{background-color: #f2f2f2 !important;}&#8221;][vc_column css=&#8221;.vc_custom_1480863659858{margin-top: 0px !important;padding-top: 0px !important;}&#8221;]<div class=\"ztl-subscriber  \">\n            <div class=\"row\">\n                <div class=\"ztl-col col-lg-12 col-md-12 col-sm-12 col-xs-12 \">\n                    <div class=\"ztl-icon\" style=\"background-color:#ffffff\">\n                        <span class=\"flaticon-grades\" style=\"color:#ec671c\"><\/span>\n                    <\/div>\n                    <div class=\"content\" style=\"color:#002749\">\n                        <div class=\"line-1\">\n                            <h2>Bleiben Sie auf dem Laufenden.<\/h2>\n                        <\/div>\n                        <div class=\"line-2\">\n                         <script>(function() {\n\twindow.mc4wp = window.mc4wp || {\n\t\tlisteners: [],\n\t\tforms: {\n\t\t\ton: function(evt, cb) {\n\t\t\t\twindow.mc4wp.listeners.push(\n\t\t\t\t\t{\n\t\t\t\t\t\tevent   : evt,\n\t\t\t\t\t\tcallback: cb\n\t\t\t\t\t}\n\t\t\t\t);\n\t\t\t}\n\t\t}\n\t}\n})();\n<\/script><!-- Mailchimp for WordPress v4.9.17 - https:\/\/wordpress.org\/plugins\/mailchimp-for-wp\/ --><form id=\"mc4wp-form-1\" class=\"mc4wp-form mc4wp-form-4271\" method=\"post\" data-id=\"4271\" data-name=\"Subscribe Enfant\" ><div class=\"mc4wp-form-fields\"><div class=\"ztl-subscribe-form\">\n<div>\n  <input class=\"ztl-input\" type=\"email\" name=\"EMAIL\" placeholder=\"Your email address\" required \/>\n<\/div>\n<div class=\"ztl-button-three  ztl-subscribe-button\">\n  <button>Sign up<\/button>\n<\/div>\n<\/div>\n<\/div><label style=\"display: none !important;\">Leave this field empty if you're human: <input type=\"text\" name=\"_mc4wp_honeypot\" value=\"\" tabindex=\"-1\" autocomplete=\"off\" \/><\/label><input type=\"hidden\" name=\"_mc4wp_timestamp\" value=\"1776014730\" \/><input type=\"hidden\" name=\"_mc4wp_form_id\" value=\"4271\" \/><input type=\"hidden\" name=\"_mc4wp_form_element_id\" value=\"mc4wp-form-1\" \/><div class=\"mc4wp-response\"><\/div><\/form><!-- \/ Mailchimp for WordPress Plugin -->\n                        <\/div>\n                    <\/div>\n                <\/div>\n            <\/div>\n\t<\/div>[\/vc_column][\/vc_row]<\/p>\n","protected":false},"excerpt":{"rendered":"<p>[vc_section 0=&#8221;&#8221;][vc_row 0=&#8221;&#8221;][vc_column 0=&#8221;&#8221;][vc_empty_space height=&#8221;50px&#8221;][vc_column_text]Erziehung von Kindern ist immer ein gro\u00dfes und wichtiges Thema! Es gibt unheimlich viele B\u00fccher, Magazine, Zeitungsartikel usw. bei denen die Erziehung von Kindern im Mittelpunkt steht. Aber damit h\u00f6rt es nicht auf: jeder will heutzutage einen Beitrag liefern und so wird der Markt auch noch \u00fcberstr\u00f6mt mit Informationsabenden, Fernsehsendungen, Diskussionen, [&hellip;]<\/p>\n","protected":false},"author":1,"featured_media":0,"parent":5414,"menu_order":0,"comment_status":"closed","ping_status":"closed","template":"","meta":{"footnotes":""},"class_list":["post-5519","page","type-page","status-publish","hentry"],"_links":{"self":[{"href":"https:\/\/www.fintosch.com\/en\/wp-json\/wp\/v2\/pages\/5519","targetHints":{"allow":["GET"]}}],"collection":[{"href":"https:\/\/www.fintosch.com\/en\/wp-json\/wp\/v2\/pages"}],"about":[{"href":"https:\/\/www.fintosch.com\/en\/wp-json\/wp\/v2\/types\/page"}],"author":[{"embeddable":true,"href":"https:\/\/www.fintosch.com\/en\/wp-json\/wp\/v2\/users\/1"}],"replies":[{"embeddable":true,"href":"https:\/\/www.fintosch.com\/en\/wp-json\/wp\/v2\/comments?post=5519"}],"version-history":[{"count":1,"href":"https:\/\/www.fintosch.com\/en\/wp-json\/wp\/v2\/pages\/5519\/revisions"}],"predecessor-version":[{"id":5711,"href":"https:\/\/www.fintosch.com\/en\/wp-json\/wp\/v2\/pages\/5519\/revisions\/5711"}],"up":[{"embeddable":true,"href":"https:\/\/www.fintosch.com\/en\/wp-json\/wp\/v2\/pages\/5414"}],"wp:attachment":[{"href":"https:\/\/www.fintosch.com\/en\/wp-json\/wp\/v2\/media?parent=5519"}],"curies":[{"name":"wp","href":"https:\/\/api.w.org\/{rel}","templated":true}]}}