{"id":5515,"date":"2018-05-27T17:05:00","date_gmt":"2018-05-27T15:05:00","guid":{"rendered":"www.fintosch.com?page_id=5515"},"modified":"2018-05-27T17:05:00","modified_gmt":"2018-05-27T15:05:00","slug":"fintosch-network","status":"publish","type":"page","link":"https:\/\/www.fintosch.com\/en\/fintosch-2-2\/fintosch-network\/","title":{"rendered":"Fintosch Network"},"content":{"rendered":"<p>[vc_section 0=&#8221;&#8221;][vc_row 0=&#8221;&#8221;][vc_column 0=&#8221;&#8221;][vc_empty_space height=&#8221;50px&#8221;]<h2 style=\"color:;\" class=\" ztl-accent-font ztl-center ztl-font-normal\">Fintosch Network<\/h2><p style=\"color:;\" class=\" ztl-main-font ztl-center ztl-font-normal\">Family and Friends<\/p><div class=\"ztl-divider  center primary \">\n                <span style=\"border-color:; \" class=\"circle\">\n                    <span style=\"background-color:; \"><\/span>\n                    <span style=\"background-color:; \"><\/span>\n                <\/span>\n            <\/div>[vc_column_text]<\/p>\n<div id=\"content\">\n<p>Fintosch pflegt ein breites Netzwerk an festen Ansprechpartnern in allen Fragen rund um die die Bed\u00fcrfnisse der Kinder im Alter von 1-6 Jahren. Hierzu z\u00e4hlen Kooperationen mit unter-schiedlichsten Beratungsstellen wie z.B.:<\/p>\n<ul>\n<li>Zahn\u00e4rzte<\/li>\n<li>Kinder\u00e4rzte<\/li>\n<li>Heilpraktiker<\/li>\n<li>Ern\u00e4hrungsexperten<\/li>\n<li>K\u00fcnstler<\/li>\n<li>Schauspieler &amp; Artisten<\/li>\n<li>Spielzeugexperten<\/li>\n<li>Jugend\u00e4mter &amp; soziale Anlaufstellen\u2026<\/li>\n<\/ul>\n<div class=\"clearer\"><\/div>\n<\/div>\n<div id=\"sidebar_wrapper\">\n<div id=\"subnavi\"><\/div>\n<div id=\"sidebar_navi\"><\/div>\n<\/div>\n<p>[\/vc_column_text][vc_single_image image=&#8221;5516&#8243; img_size=&#8221;full&#8221; alignment=&#8221;center&#8221;][vc_empty_space height=&#8221;60px&#8221;][\/vc_column][\/vc_row][\/vc_section][vc_row full_width=&#8221;stretch_row&#8221; css=&#8221;.vc_custom_1489317833164{background-color: #f2f2f2 !important;}&#8221;][vc_column css=&#8221;.vc_custom_1480863659858{margin-top: 0px !important;padding-top: 0px !important;}&#8221;]<div class=\"ztl-subscriber  \">\n            <div class=\"row\">\n                <div class=\"ztl-col col-lg-12 col-md-12 col-sm-12 col-xs-12 \">\n                    <div class=\"ztl-icon\" style=\"background-color:#ffffff\">\n                        <span class=\"flaticon-grades\" style=\"color:#ec671c\"><\/span>\n                    <\/div>\n                    <div class=\"content\" style=\"color:#002749\">\n                        <div class=\"line-1\">\n                            <h2>Bleiben Sie auf dem Laufenden.<\/h2>\n                        <\/div>\n                        <div class=\"line-2\">\n                         <script>(function() {\n\twindow.mc4wp = window.mc4wp || {\n\t\tlisteners: [],\n\t\tforms: {\n\t\t\ton: function(evt, cb) {\n\t\t\t\twindow.mc4wp.listeners.push(\n\t\t\t\t\t{\n\t\t\t\t\t\tevent   : evt,\n\t\t\t\t\t\tcallback: cb\n\t\t\t\t\t}\n\t\t\t\t);\n\t\t\t}\n\t\t}\n\t}\n})();\n<\/script><!-- Mailchimp for WordPress v4.9.17 - https:\/\/wordpress.org\/plugins\/mailchimp-for-wp\/ --><form id=\"mc4wp-form-1\" class=\"mc4wp-form mc4wp-form-4271\" method=\"post\" data-id=\"4271\" data-name=\"Subscribe Enfant\" ><div class=\"mc4wp-form-fields\"><div class=\"ztl-subscribe-form\">\n<div>\n  <input class=\"ztl-input\" type=\"email\" name=\"EMAIL\" placeholder=\"Your email address\" required \/>\n<\/div>\n<div class=\"ztl-button-three  ztl-subscribe-button\">\n  <button>Sign up<\/button>\n<\/div>\n<\/div>\n<\/div><label style=\"display: none !important;\">Leave this field empty if you're human: <input type=\"text\" name=\"_mc4wp_honeypot\" value=\"\" tabindex=\"-1\" autocomplete=\"off\" \/><\/label><input type=\"hidden\" name=\"_mc4wp_timestamp\" value=\"1776014737\" \/><input type=\"hidden\" name=\"_mc4wp_form_id\" value=\"4271\" \/><input type=\"hidden\" name=\"_mc4wp_form_element_id\" value=\"mc4wp-form-1\" \/><div class=\"mc4wp-response\"><\/div><\/form><!-- \/ Mailchimp for WordPress Plugin -->\n                        <\/div>\n                    <\/div>\n                <\/div>\n            <\/div>\n\t<\/div>[\/vc_column][\/vc_row]<\/p>\n","protected":false},"excerpt":{"rendered":"<p>[vc_section 0=&#8221;&#8221;][vc_row 0=&#8221;&#8221;][vc_column 0=&#8221;&#8221;][vc_empty_space height=&#8221;50px&#8221;][vc_column_text] Fintosch pflegt ein breites Netzwerk an festen Ansprechpartnern in allen Fragen rund um die die Bed\u00fcrfnisse der Kinder im Alter von 1-6 Jahren. Hierzu z\u00e4hlen Kooperationen mit unter-schiedlichsten Beratungsstellen wie z.B.: Zahn\u00e4rzte Kinder\u00e4rzte Heilpraktiker Ern\u00e4hrungsexperten K\u00fcnstler Schauspieler &amp; Artisten Spielzeugexperten Jugend\u00e4mter &amp; soziale Anlaufstellen\u2026 [\/vc_column_text][vc_single_image image=&#8221;5516&#8243; img_size=&#8221;full&#8221; alignment=&#8221;center&#8221;][vc_empty_space height=&#8221;60px&#8221;][\/vc_column][\/vc_row][\/vc_section][vc_row full_width=&#8221;stretch_row&#8221; [&hellip;]<\/p>\n","protected":false},"author":1,"featured_media":0,"parent":5629,"menu_order":0,"comment_status":"closed","ping_status":"closed","template":"","meta":{"footnotes":""},"class_list":["post-5515","page","type-page","status-publish","hentry"],"_links":{"self":[{"href":"https:\/\/www.fintosch.com\/en\/wp-json\/wp\/v2\/pages\/5515","targetHints":{"allow":["GET"]}}],"collection":[{"href":"https:\/\/www.fintosch.com\/en\/wp-json\/wp\/v2\/pages"}],"about":[{"href":"https:\/\/www.fintosch.com\/en\/wp-json\/wp\/v2\/types\/page"}],"author":[{"embeddable":true,"href":"https:\/\/www.fintosch.com\/en\/wp-json\/wp\/v2\/users\/1"}],"replies":[{"embeddable":true,"href":"https:\/\/www.fintosch.com\/en\/wp-json\/wp\/v2\/comments?post=5515"}],"version-history":[{"count":1,"href":"https:\/\/www.fintosch.com\/en\/wp-json\/wp\/v2\/pages\/5515\/revisions"}],"predecessor-version":[{"id":5710,"href":"https:\/\/www.fintosch.com\/en\/wp-json\/wp\/v2\/pages\/5515\/revisions\/5710"}],"up":[{"embeddable":true,"href":"https:\/\/www.fintosch.com\/en\/wp-json\/wp\/v2\/pages\/5629"}],"wp:attachment":[{"href":"https:\/\/www.fintosch.com\/en\/wp-json\/wp\/v2\/media?parent=5515"}],"curies":[{"name":"wp","href":"https:\/\/api.w.org\/{rel}","templated":true}]}}